{"id":2,"date":"2017-10-10T17:21:46","date_gmt":"2017-10-10T17:21:46","guid":{"rendered":"http:\/\/ccpco.cl\/\/?page_id=2"},"modified":"2017-11-22T21:41:12","modified_gmt":"2017-11-22T21:41:12","slug":"sample-page","status":"publish","type":"page","link":"https:\/\/cpco.cl\/?page_id=2","title":{"rendered":"Servicios"},"content":{"rendered":"<div id=\"top\"><\/div>\n<p><em>A continuaci\u00f3n detallamos las \u00e1reas pr\u00e1cticas que cubre nuestro estudio jur\u00eddico y sus profesionales.<\/em><\/p>\n<p><img loading=\"lazy\" decoding=\"async\" class=\"wp-image-116 redondeada alignright\" src=\"http:\/\/ccpco.cl\/wp-content\/uploads\/2017\/10\/EMPRESA-300x300.jpg\" alt=\"\" width=\"243\" height=\"243\" srcset=\"https:\/\/cpco.cl\/wp-content\/uploads\/2017\/10\/EMPRESA-300x300.jpg 300w, https:\/\/cpco.cl\/wp-content\/uploads\/2017\/10\/EMPRESA-150x150.jpg 150w, https:\/\/cpco.cl\/wp-content\/uploads\/2017\/10\/EMPRESA-510x510.jpg 510w, https:\/\/cpco.cl\/wp-content\/uploads\/2017\/10\/EMPRESA.jpg 576w\" sizes=\"auto, (max-width: 243px) 100vw, 243px\" \/><\/p>\n<ul>\n<li style=\"text-align: justify;\"><a href=\"#derechocivil\">Derecho Civil<\/a><\/li>\n<li style=\"text-align: justify;\"><a href=\"#litigiosyarbitrajes\">Litigios y Arbitrajes<\/a><\/li>\n<li style=\"text-align: justify;\"><a href=\"#derechotributario\">Derecho Tributario<\/a><\/li>\n<li style=\"text-align: justify;\"><a href=\"#derechocomercial\">Derecho Comercial<\/a><\/li>\n<li style=\"text-align: justify;\"><a href=\"#derecholaboral\">Derecho Laboral<\/a><\/li>\n<li style=\"text-align: justify;\"><a href=\"#derechominero\">Derecho Minero<\/a><\/li>\n<li style=\"text-align: justify;\"><a href=\"#inversionextranjera\">Inversi\u00f3n Extranjera<\/a><\/li>\n<li style=\"text-align: justify;\"><a href=\"#propiedadintelectualeindustrial\">Propiedad Intelectual e Industrial<\/a><\/li>\n<li style=\"text-align: justify;\"><a href=\"#derechopenal\">Derecho Penal<\/a><\/li>\n<li style=\"text-align: justify;\"><a href=\"#derechodefamilia\">Derecho de Familia<\/a><\/li>\n<li style=\"text-align: justify;\"><a href=\"#cobranzasjudiciales\">Cobranzas Judiciales<\/a><\/li>\n<li style=\"text-align: justify;\"><a href=\"#derechodeaguas\">Derecho de Aguas<\/a><\/li>\n<\/ul>\n<hr \/>\n<h3 id=\"derechocivil\"><span style=\"color: #508ed9;\"><strong>Derecho Civil<\/strong><\/span><\/h3>\n<p style=\"text-align: justify;\">Nuestro estudio se distingue especialmente por su calidad, rapidez y eficiencia de servicio en todas las materias de derecho civil, brindando una asesor\u00eda integral, la\u00a0cual\u00a0 incluye, entre otras materias; revisi\u00f3n, redacci\u00f3n e interpretaci\u00f3n de todo tipo de contratos, sucesiones, redacci\u00f3n de testamentos, donaciones, usufructos y fundaciones. Contamos con abogados especialistas en herencia, posesiones efectivas, reforma de testamentos, juicios de partici\u00f3n, juicios de arriendo, precarios, interdicci\u00f3n, juicios ejecutivos, tercer\u00edas, embargos, cambios de nombre, rectificaci\u00f3n de partidas de nacimiento, estudios de t\u00edtulos, demandas de indemnizaci\u00f3n de perjuicios y otras materias civiles.<\/p>\n<p style=\"text-align: justify;\">Junto a ello, nos caracterizamos por tramitar juicios relativos a, responsabilidad civil contractual (incumplimiento de contratos), responsabilidad civil extracontractual (obligaci\u00f3n de indemnizar el da\u00f1o causado por las acciones u omisiones negligentes de otro cuando no existe v\u00ednculo contractual).<\/p>\n<p style=\"text-align: justify;\">Especial importancia merece en esta \u00e1rea pr\u00e1ctica, el <strong>derecho inmobiliario<\/strong>, por lo cual contamos con abogados especialistas en: estudio de t\u00edtulos, inscripci\u00f3n y alzamiento de grav\u00e1menes, contratos de compraventa de inmuebles e inscripci\u00f3n de dominio, entre otros. Realizamos asesor\u00eda\u00a0 legal\u00a0 en\u00a0 materia\u00a0 de\u00a0 housing para la adquisici\u00f3n y arriendo de terrenos,\u00a0 incluye\u00a0 elaboraci\u00f3n\u00a0 de estudios de t\u00edtulos, redacci\u00f3n\u00a0 de\u00a0 escrituras de compraventa\u00a0 y arriendo, servidumbres\u00a0 de\u00a0 distinta\u00a0 naturaleza,\u00a0 comodato,\u00a0 aplicaci\u00f3n\u00a0 de\u00a0 normas\u00a0 de\u00a0 la\u00a0 Ley General de Urbanismo y Construcci\u00f3n, Planos Reguladores Comunales. En general, asesor\u00eda a empresas y personas en compra y venta de bienes ra\u00edces, promesas, instrucciones notariales, estudio de t\u00edtulos, saneamiento de t\u00edtulos.<\/p>\n<p><a href=\"#top\">subir<\/a><\/p>\n<hr \/>\n<h3 id=\"litigiosyarbitrajes\"><span style=\"color: #508ed9;\"><strong>Litigios y Arbitrajes<\/strong><\/span><\/h3>\n<p>Juicios civiles, laborales y comerciales. Arbitrajes y mediaci\u00f3n para soluci\u00f3n de conflictos.<\/p>\n<p style=\"text-align: justify;\">Litigios y otras formas de soluci\u00f3n de conflictos son un pilar fundamental de nuestro estudio. Nuestros abogados representan a clientes en los tribunales de justicia y arbitrales, tanto en juicios civiles como laborales, procedimientos de quiebras, arbitrajes y mediaciones.<\/p>\n<p style=\"text-align: justify;\">Actuamos como abogados litigantes para grandes, medianas y peque\u00f1as empresas, y tambi\u00e9n para personas naturales.<\/p>\n<p><a href=\"#top\">subir<\/a><\/p>\n<hr \/>\n<h3 id=\"derechotributario\"><span style=\"color: #508ed9;\"><strong>Derecho Tributario<\/strong><\/span><\/h3>\n<p style=\"text-align: justify;\">Nuestro estudio cuenta con profesionales de gran nivel, siendo uno de nuestros pilares la restructuraci\u00f3n y planificaci\u00f3n tributaria. En efecto nuestros profesionales son mag\u00edster en Derecho Tributario y cuentan con una vasta experiencia en la materia, lo cual nos distinguen en el mercado.<\/p>\n<p style=\"text-align: justify;\">Efectuamos reestructuraci\u00f3n tributaria tanto a personas naturales como a grupos de empresas, con el objeto de poder optimizar la carga impositiva, acorde con la legislaci\u00f3n. Asesoramos a nuestros clientes en; planificaci\u00f3n tributaria; litigios y reclamos tributarios, reorganizaci\u00f3n empresarial. (Fusi\u00f3n, transformaci\u00f3n, conversi\u00f3n, entre otros), planificaci\u00f3n hereditaria.<\/p>\n<p style=\"text-align: justify;\">Un \u00e1rea fundamental de nuestras asesor\u00edas son las\u00a0planificaciones hereditarias. En efecto la existencia de empresas familiares, exige contar con una adecuada planificaci\u00f3n hereditaria con el objeto de obtener una correcta protecci\u00f3n patrimonial, que permita la incorporaci\u00f3n de nuevas generaciones a la empresa familiar, permitiendo que \u00e9stas perduren en el tiempo, y planificando y estructurando las distintas cargas impositivas asociadas a la herencia.<\/p>\n<p style=\"text-align: justify;\">Esta \u00e1rea de trabajo\u00a0es una de las m\u00e1s intensas y creativas de nuestro estudio, que requiere el trabajo conjunto de nuestros abogados especialistas y asesores tributarios en materias corporativas y tributaria.<\/p>\n<p><a href=\"#top\">subir<\/a><\/p>\n<hr \/>\n<h3 id=\"derechocomercial\"><span style=\"color: #508ed9;\"><strong>Derecho Comercial<\/strong><\/span><\/h3>\n<p style=\"text-align: justify;\">En el \u00e1mbito del derecho comercial o corporativo, el objetivo que perseguimos es brindarle asesor\u00eda a todos los tipos de organizaci\u00f3n empresarial que est\u00e9n permitidas, tanto en nuestra legislaci\u00f3n como en el extranjero. De esta manera entregamos asesor\u00eda a grandes, medianas y peque\u00f1as empresas.\u00a0 Es as\u00ed como el constante desarrollo que afecta al derecho de la empresa y los negocios, hacen fundamental contar con una asesor\u00eda comercial completa y constante, capaz de ser otorgada por nuestros abogados especializados en el \u00e1rea, siendo capaces de entender los negocios en su esencia. Ayudando de esta manera a nuestros clientes a desarrollar e implementar sus negocios, seleccionando la estructura societaria m\u00e1s apropiada para sus necesidades. De esta manera brindamos asesor\u00eda en; constituci\u00f3n, modificaci\u00f3n y liquidaci\u00f3n de sociedades, asesor\u00eda comercial, financiamiento de las empresas a trav\u00e9s del dise\u00f1o de estructuras de capital, quiebras, reorganizaci\u00f3n de empresas permitiendo la continuidad de giro a trav\u00e9s de convenio judiciales o extra judiciales, negociaciones comerciales, redacci\u00f3n de contratos de negocios, asesor\u00eda a directorios, adquisiciones de empresas, fusiones y divisiones de sociedades.<\/p>\n<p><a href=\"#top\">subir<\/a><\/p>\n<hr \/>\n<h3 id=\"derecholaboral\"><span style=\"color: #508ed9;\"><strong>Derecho Laboral<\/strong><\/span><\/h3>\n<p style=\"text-align: justify;\">Las recientes reformas en nuestro pa\u00eds en materia laboral, sumado a la experiencia de nuestros abogados, nos hacen comprender la importancia y necesidad de nuestros clientes en contar con este tipo de asesor\u00eda, de manera de poder prevenir y resolver conflictos laborales evitando as\u00ed llegar a juicio. Es as\u00ed como brindamos asesor\u00eda tanto a empresas, como a personas naturales y sindicatos en; prevenciones de conflictos, contratos de trabajo, individuales y colectivos, finiquitos, juicios laborales, negociaciones colectivas, subcontrataci\u00f3n, permisos de trabajo para extranjeros y traslados de sus ejecutivos, e interpretaci\u00f3n de normas y de contratos.<\/p>\n<p><a href=\"#top\">subir<\/a><\/p>\n<hr \/>\n<h3 id=\"derechominero\"><span style=\"color: #508ed9;\"><strong>Derecho Minero<\/strong><\/span><\/h3>\n<p style=\"text-align: justify;\">Nuestro estudio brinda asesor\u00eda a empresas mineras nacionales y extranjeras en todas sus etapas, desde el financiamiento de proyectos, etapas de exploraci\u00f3n, prospecci\u00f3n y explotaci\u00f3n, acuerdos de adquisici\u00f3n de toda clase de propiedades mineras, constituci\u00f3n de empresas mineras, acuerdos de opci\u00f3n y joint ventures mineros, entre otros.<\/p>\n<p><a href=\"#top\">subir<\/a><\/p>\n<hr \/>\n<h3 id=\"inversionextranjera\"><span style=\"color: #508ed9;\"><strong>Inversi\u00f3n Extranjera<\/strong><\/span><\/h3>\n<p style=\"text-align: justify;\">Brindamos asesor\u00eda para empresas extranjeras interesadas en hacer inversiones en Chile o en acordar joint ventures con empresas chilenas.<\/p>\n<p style=\"text-align: justify;\">Esto incluye la determinaci\u00f3n de la estructura legal y tributaria m\u00e1s adecuada y ventajosa para efectuar negocios, as\u00ed como la preparaci\u00f3n, presentaci\u00f3n y seguimiento de solicitudes de inversi\u00f3n extranjera ante las respectivas autoridades chilenas, como el Comit\u00e9 de Inversiones Extranjeras. De esta manera asesoramos a nuestros clientes indic\u00e1ndoles los diversos beneficios que otorga nuestra legislaci\u00f3n a los inversionistas extranjeros, tales como inversi\u00f3n v\u00eda Capitulo XIX y DL 600.<\/p>\n<p><a href=\"#top\">subir<\/a><\/p>\n<hr \/>\n<h3 id=\"propiedadintelectualeindustrial\"><span style=\"color: #508ed9;\"><strong>Propiedad Intelectual e Industrial<\/strong><\/span><\/h3>\n<p style=\"text-align: justify;\">La Propiedad Intelectual est\u00e1 dividida en dos categor\u00edas; la propiedad industrial que se refiere a las creaciones aplicadas al \u00e1mbito de la industria, y el derecho de autor que comprende las obras literarias, art\u00edsticas y cient\u00edficas. Brindamos asesor\u00eda y defensa en ambas categor\u00edas. Nuestros abogados comprenden a cabalidad que la marca comercial es la identidad de la empresa, de ah\u00ed la importancia de una adecuada y eficaz protecci\u00f3n jur\u00eddica y la necesidad de su protecci\u00f3n, brindando as\u00ed nuestro estudio servicios de asesor\u00eda, constituci\u00f3n, renovaci\u00f3n, transferencia, defensa y oposici\u00f3n de marcas, logos y frases publicitarias.<\/p>\n<p><a href=\"#top\">subir<\/a><\/p>\n<hr \/>\n<h3 id=\"derechopenal\"><span style=\"color: #508ed9;\"><strong>Derecho Penal<\/strong><\/span><\/h3>\n<p style=\"text-align: justify;\">Todos nuestros abogados tienen diplomados y mag\u00edster en derecho penal y derecho procesal penal. Adem\u00e1s cuentan con\u00a0 capacitaciones y\u00a0 vasta experiencia en las destrezas y habilidades en litigaci\u00f3n del nuevo sistema de justicia penal, lo que\u00a0 nos diferencia y distingue de otras oficinas de abogados, ya que todos han sido defensores penales p\u00fablicos.<\/p>\n<p style=\"text-align: justify;\">La nueva justicia penal exige abogados altamente especializados con el objeto de poder prestar una asesor\u00eda adecuada al alto est\u00e1ndar que impone el sistema\u00a0 y una atenci\u00f3n de calidad a los intereses de nuestros clientes.<\/p>\n<p style=\"text-align: justify;\">Nuestra \u00e1rea penal pr\u00e1ctica abarca todo tipo de delito, con excepci\u00f3n de tr\u00e1fico de drogas. Tenemos\u00a0 amplia experiencia en litigaci\u00f3n oral, asumiendo el rol de querellante y defensor, en todo tipo de procedimientos, como por ejemplo: Procedimiento abreviado, procedimiento simplificado, procedimiento monitorio, juicio oral, salidas alternativas, entre otros.<\/p>\n<p style=\"text-align: justify;\">Junto a ello, nuestro estudio cuenta con profesionales especializados en Responsabilidad Penal Adolescente.<\/p>\n<p><a href=\"#top\">subir<\/a><\/p>\n<hr \/>\n<h3 id=\"derechodefamilia\"><span style=\"color: #508ed9;\"><strong>Derecho de Familia<\/strong><\/span><\/h3>\n<p style=\"text-align: justify;\">Contamos con una amplia experiencia en la negociaci\u00f3n y obtenci\u00f3n de acuerdos extrajudiciales en distintos \u00e1mbitos del derecho de familia. Los cuales permiten evitar llegar a juicio y por ende todas las consecuencias negativas que implican los litigios en los diversos \u00e1mbitos de esta \u00e1rea.<\/p>\n<p style=\"text-align: justify;\">Adem\u00e1s las sucesivas modificaciones introducidas al derecho de familia en los \u00faltimos a\u00f1os y la incorporaci\u00f3n de los Tribunales de Familia, hacen necesario un conocimiento y experiencia acabado en el tema. De esta manera nuestros abogados se encuentran altamente capacitados para brindar una asesor\u00eda legal amplia respecto; divorcios de mutuo acuerdo, unilaterales, culposos, defensa de c\u00f3nyuges en el extranjero, validaci\u00f3n de sentencias extranjeras, compensaciones econ\u00f3micas, defensa en medidas de protecci\u00f3n legal y judicial de los menores, mediaci\u00f3n de conflictos, pensi\u00f3n alimenticia, derecho a mantener una relaci\u00f3n directa y regular (ex visitas) con el menor, derecho de cuidado personal del menor (ex tuici\u00f3n), separaci\u00f3n de bienes, liquidaci\u00f3n de sociedad conyugal, solicitud de salida al extranjero del pa\u00eds, adopciones, entre otros.<\/p>\n<p><a href=\"#top\">subir<\/a><\/p>\n<hr \/>\n<h3 id=\"cobranzasjudiciales\"><span style=\"color: #508ed9;\"><strong>Cobranzas Judiciales<\/strong><\/span><\/h3>\n<p style=\"text-align: justify;\"><em>Servicios a empresas y particulares:<\/em><\/p>\n<p style=\"text-align: justify;\">Realizamos el cobro de los documentos registrados en su cartera morosa, cheques, letras de cambio, facturas o documentos mercantiles que constituyan un t\u00edtulo ejecutivo.<\/p>\n<p style=\"text-align: justify;\"><em>Efectuamos cobranzas Prejudiciales y Judiciales:<\/em><\/p>\n<p style=\"text-align: justify;\">La cobranza judicial es la notificaci\u00f3n por distintos medios al deudor moroso, fij\u00e1ndole un plazo breve y razonable para el cumplimiento de dicha obligaci\u00f3n. Este tipo de cobranzas entregan la posibilidad a ambas partes, de evitar un proceso judicial con las dificultades y costos que inevitablemente conlleva\u00a0un juicio. Nuestro estudio utiliza las m\u00e1s eficientes gestiones de cobranzas destinadas al cumplimiento de este objetivo.<\/p>\n<p style=\"text-align: justify;\">Las cobranzas judiciales, son aquellas que se realizan\u00a0a trav\u00e9s de los distintos procedimientos judiciales que nuestra legislaci\u00f3n establece para exigir a los deudores el cumplimiento de las obligaciones que han contra\u00eddo. Estos juicios son muy eficientes para poder obtener el pago de obligaciones contenidas en\u00a0Letras de cambio, Pagar\u00e9, Cheques, Facturas u otros documentos.<\/p>\n<p><a href=\"#top\">subir<\/a><\/p>\n<hr \/>\n<h3 id=\"derechodeaguas\"><span style=\"color: #508ed9;\"><strong>Derecho de Aguas<\/strong><\/span><\/h3>\n<p style=\"text-align: justify;\">Contamos con una vasta experiencia en constituci\u00f3n, regularizaci\u00f3n, perfeccionamiento e inscripci\u00f3n de derechos de aprovechamiento de aguas; Constituci\u00f3n tanto judicial como extrajudicial de organizaciones de usuarios de aguas; asesor\u00eda y capacitaci\u00f3n legal de car\u00e1cter permanente a las organizaciones de usuarios de aguas, en cuanto a la aplicaci\u00f3n de las normas contenidas en sus estatutos y en el C\u00f3digo de Aguas, dentro de este \u00edtem se comprenden las siguientes materias: Dificultades que surjan entre los asociados y entre \u00e9stos y el directorio de la organizaci\u00f3n; asesor\u00eda en materia de citaci\u00f3n a juntas ordinarias y extraordinarias de asociados; Votaciones y elecci\u00f3n de directorio; Calificaci\u00f3n de poderes para la elecci\u00f3n de directorio; Asesor\u00eda a los directorios en cuanto a la aplicaci\u00f3n de sus atribuciones legales conferidas en los estatutos y en el C\u00f3digo de Aguas; Representaci\u00f3n judicial de la organizaci\u00f3n de usuarios de aguas, en materias relativas al C\u00f3digo de aguas y otros cuerpos legales; En general, cualquier dificultad de orden jur\u00eddico que surja al interior de la organizaci\u00f3n de usuarios de aguas.<\/p>\n<p><a href=\"#top\">subir<\/a><\/p>\n","protected":false},"excerpt":{"rendered":"<p>A continuaci\u00f3n detallamos las \u00e1reas pr\u00e1cticas que cubre nuestro estudio jur\u00eddico y sus profesionales. Derecho Civil Litigios y Arbitrajes Derecho Tributario Derecho Comercial Derecho Laboral Derecho Minero Inversi\u00f3n Extranjera Propiedad Intelectual e Industrial Derecho Penal Derecho de Familia Cobranzas Judiciales Derecho de Aguas Derecho Civil Nuestro estudio se distingue especialmente por su calidad, rapidez y [&hellip;]<\/p>\n","protected":false},"author":1,"featured_media":287,"parent":0,"menu_order":0,"comment_status":"closed","ping_status":"closed","template":"","meta":{"footnotes":""},"class_list":["post-2","page","type-page","status-publish","has-post-thumbnail","czr-hentry"],"jetpack_sharing_enabled":true,"_links":{"self":[{"href":"https:\/\/cpco.cl\/index.php?rest_route=\/wp\/v2\/pages\/2","targetHints":{"allow":["GET"]}}],"collection":[{"href":"https:\/\/cpco.cl\/index.php?rest_route=\/wp\/v2\/pages"}],"about":[{"href":"https:\/\/cpco.cl\/index.php?rest_route=\/wp\/v2\/types\/page"}],"author":[{"embeddable":true,"href":"https:\/\/cpco.cl\/index.php?rest_route=\/wp\/v2\/users\/1"}],"replies":[{"embeddable":true,"href":"https:\/\/cpco.cl\/index.php?rest_route=%2Fwp%2Fv2%2Fcomments&post=2"}],"version-history":[{"count":42,"href":"https:\/\/cpco.cl\/index.php?rest_route=\/wp\/v2\/pages\/2\/revisions"}],"predecessor-version":[{"id":373,"href":"https:\/\/cpco.cl\/index.php?rest_route=\/wp\/v2\/pages\/2\/revisions\/373"}],"wp:featuredmedia":[{"embeddable":true,"href":"https:\/\/cpco.cl\/index.php?rest_route=\/wp\/v2\/media\/287"}],"wp:attachment":[{"href":"https:\/\/cpco.cl\/index.php?rest_route=%2Fwp%2Fv2%2Fmedia&parent=2"}],"curies":[{"name":"wp","href":"https:\/\/api.w.org\/{rel}","templated":true}]}}