{"id":18,"date":"2017-10-12T21:08:44","date_gmt":"2017-10-12T21:08:44","guid":{"rendered":"http:\/\/ccpco.cl\/?page_id=18"},"modified":"2017-11-22T21:42:18","modified_gmt":"2017-11-22T21:42:18","slug":"estudio","status":"publish","type":"page","link":"https:\/\/cpco.cl\/?page_id=18","title":{"rendered":"Estudio"},"content":{"rendered":"<p style=\"text-align: justify;\"><img loading=\"lazy\" decoding=\"async\" class=\"size-medium wp-image-120 alignleft redondeada\" src=\"http:\/\/ccpco.cl\/wp-content\/uploads\/2017\/10\/IMG_0051-e1507934438734-300x232.jpg\" alt=\"\" width=\"300\" height=\"232\" srcset=\"https:\/\/cpco.cl\/wp-content\/uploads\/2017\/10\/IMG_0051-e1507934438734-300x232.jpg 300w, https:\/\/cpco.cl\/wp-content\/uploads\/2017\/10\/IMG_0051-e1507934438734-768x594.jpg 768w, https:\/\/cpco.cl\/wp-content\/uploads\/2017\/10\/IMG_0051-e1507934438734-1024x791.jpg 1024w, https:\/\/cpco.cl\/wp-content\/uploads\/2017\/10\/IMG_0051-e1507934438734.jpg 1030w\" sizes=\"auto, (max-width: 300px) 100vw, 300px\" \/><\/p>\n<p style=\"text-align: justify;\">Los profesionales que componen nuestro estudio basan su trabajo y prestigio en s\u00f3lidos e incorruptibles valores como la excelencia profesional, la eficiencia, dedicaci\u00f3n, compromiso y honestidad, por lo cual cada una de nuestras asesor\u00edas son realizadas \u00a0con la mayor claridad, rapidez y eficiencia de manera tal de entregar a todos nuestros clientes un servicio personalizado, con el objeto de que el cliente encuentre en nosotros el mayor respaldo, entendimiento y seguridad en cada uno de los aspectos legales que han sido contratados.<\/p>\n<p style=\"text-align: justify;\">De esta manera prestamos servicios de asesor\u00eda jur\u00eddica focalizados en las reales necesidades de sus clientes, teniendo en cuenta la agilidad y rapidez con que actualmente se desenvuelven los negocios y por ende contando con un equipo de profesionales capaces de brindar respuestas y soluciones certeras y adecuadas para la realidad de cada cliente. Lo cual se logra mediante la dedicaci\u00f3n, cercan\u00eda y compromiso que adquirimos con cada uno de nuestros clientes, siendo la dedicaci\u00f3n y eficacia en nuestros servicios, lo que nos caracteriza.<\/p>\n<p style=\"text-align: justify;\">Nuestros conocimientos y experiencia en distintas \u00e1reas, en las cuales los clientes puedan requerir de nuestra asesor\u00eda especializada nos permiten otorgar siempre a nuestros clientes consejos legales eficaces y oportunos ya sea en materias de derecho tributario, civil, comercial, quiebras, legislaci\u00f3n financiera, mercado de capitales y seguros, derecho laboral, propiedad intelectual, derecho de familia, minero, inversi\u00f3n extranjera, entre otros servicios.<\/p>\n<p style=\"text-align: justify;\">En nuestro estudio velamos por los intereses y tiempo de nuestros clientes, entregando as\u00ed un servicio altamente especializado, de calidad y de gran rapidez.<\/p>\n","protected":false},"excerpt":{"rendered":"<p>Los profesionales que componen nuestro estudio basan su trabajo y prestigio en s\u00f3lidos e incorruptibles valores como la excelencia profesional, la eficiencia, dedicaci\u00f3n, compromiso y honestidad, por lo cual cada una de nuestras asesor\u00edas son realizadas \u00a0con la mayor claridad, rapidez y eficiencia de manera tal de entregar a todos nuestros clientes un servicio personalizado, [&hellip;]<\/p>\n","protected":false},"author":1,"featured_media":27,"parent":0,"menu_order":0,"comment_status":"closed","ping_status":"closed","template":"","meta":{"footnotes":""},"class_list":["post-18","page","type-page","status-publish","has-post-thumbnail","czr-hentry"],"jetpack_sharing_enabled":true,"_links":{"self":[{"href":"https:\/\/cpco.cl\/index.php?rest_route=\/wp\/v2\/pages\/18","targetHints":{"allow":["GET"]}}],"collection":[{"href":"https:\/\/cpco.cl\/index.php?rest_route=\/wp\/v2\/pages"}],"about":[{"href":"https:\/\/cpco.cl\/index.php?rest_route=\/wp\/v2\/types\/page"}],"author":[{"embeddable":true,"href":"https:\/\/cpco.cl\/index.php?rest_route=\/wp\/v2\/users\/1"}],"replies":[{"embeddable":true,"href":"https:\/\/cpco.cl\/index.php?rest_route=%2Fwp%2Fv2%2Fcomments&post=18"}],"version-history":[{"count":8,"href":"https:\/\/cpco.cl\/index.php?rest_route=\/wp\/v2\/pages\/18\/revisions"}],"predecessor-version":[{"id":374,"href":"https:\/\/cpco.cl\/index.php?rest_route=\/wp\/v2\/pages\/18\/revisions\/374"}],"wp:featuredmedia":[{"embeddable":true,"href":"https:\/\/cpco.cl\/index.php?rest_route=\/wp\/v2\/media\/27"}],"wp:attachment":[{"href":"https:\/\/cpco.cl\/index.php?rest_route=%2Fwp%2Fv2%2Fmedia&parent=18"}],"curies":[{"name":"wp","href":"https:\/\/api.w.org\/{rel}","templated":true}]}}