{"id":14,"date":"2017-10-12T21:07:51","date_gmt":"2017-10-12T21:07:51","guid":{"rendered":"http:\/\/ccpco.cl\/?page_id=14"},"modified":"2017-11-22T21:43:21","modified_gmt":"2017-11-22T21:43:21","slug":"abogados","status":"publish","type":"page","link":"https:\/\/cpco.cl\/?page_id=14","title":{"rendered":"Abogados"},"content":{"rendered":"<p style=\"text-align: justify;\"><img loading=\"lazy\" decoding=\"async\" class=\"alignnone size-medium wp-image-115 alignleft redondeada\" src=\"http:\/\/ccpco.cl\/wp-content\/uploads\/2017\/10\/ejecutivos-300x225.jpg\" alt=\"\" width=\"300\" height=\"225\" srcset=\"https:\/\/cpco.cl\/wp-content\/uploads\/2017\/10\/ejecutivos-300x225.jpg 300w, https:\/\/cpco.cl\/wp-content\/uploads\/2017\/10\/ejecutivos.jpg 400w\" sizes=\"auto, (max-width: 300px) 100vw, 300px\" \/><\/p>\n<p style=\"text-align: justify;\">El rasgo esencial de nuestros profesionales es estar siempre en el lugar de los hechos. Sus abogados conocen muy bien y aplican constantemente el concepto de empresa moderna de servicios jur\u00eddicos. Nuestra forma de trabajo permite una relaci\u00f3n directa y constante con las personas que buscan apoyo jur\u00eddico integral.<\/p>\n<p style=\"text-align: justify;\">Nuestro equipo profesional aborda los problemas legales de los clientes de una manera global, sin descuidar los aspectos jur\u00eddicos y los humanos.<\/p>\n<p style=\"text-align: justify;\">Quienes piden nuestro apoyo son personas quienes buscan seguridad en un mundo lleno de vicisitudes judiciales que cobran mayor fuerza en la Reforma de la nueva Justicia. Por eso, los equipos de trabajo, est\u00e1n siempre presentes, accesibles y dispuestos.<\/p>\n","protected":false},"excerpt":{"rendered":"<p>El rasgo esencial de nuestros profesionales es estar siempre en el lugar de los hechos. Sus abogados conocen muy bien y aplican constantemente el concepto de empresa moderna de servicios jur\u00eddicos. Nuestra forma de trabajo permite una relaci\u00f3n directa y constante con las personas que buscan apoyo jur\u00eddico integral. Nuestro equipo profesional aborda los problemas [&hellip;]<\/p>\n","protected":false},"author":1,"featured_media":0,"parent":0,"menu_order":0,"comment_status":"closed","ping_status":"closed","template":"","meta":{"footnotes":""},"class_list":["post-14","page","type-page","status-publish","czr-hentry"],"jetpack_sharing_enabled":true,"_links":{"self":[{"href":"https:\/\/cpco.cl\/index.php?rest_route=\/wp\/v2\/pages\/14","targetHints":{"allow":["GET"]}}],"collection":[{"href":"https:\/\/cpco.cl\/index.php?rest_route=\/wp\/v2\/pages"}],"about":[{"href":"https:\/\/cpco.cl\/index.php?rest_route=\/wp\/v2\/types\/page"}],"author":[{"embeddable":true,"href":"https:\/\/cpco.cl\/index.php?rest_route=\/wp\/v2\/users\/1"}],"replies":[{"embeddable":true,"href":"https:\/\/cpco.cl\/index.php?rest_route=%2Fwp%2Fv2%2Fcomments&post=14"}],"version-history":[{"count":8,"href":"https:\/\/cpco.cl\/index.php?rest_route=\/wp\/v2\/pages\/14\/revisions"}],"predecessor-version":[{"id":375,"href":"https:\/\/cpco.cl\/index.php?rest_route=\/wp\/v2\/pages\/14\/revisions\/375"}],"wp:attachment":[{"href":"https:\/\/cpco.cl\/index.php?rest_route=%2Fwp%2Fv2%2Fmedia&parent=14"}],"curies":[{"name":"wp","href":"https:\/\/api.w.org\/{rel}","templated":true}]}}